{"id":1117,"date":"2025-07-06T06:43:47","date_gmt":"2025-07-06T06:43:47","guid":{"rendered":"http:\/\/localhost\/cmatest\/?post_type=product&#038;p=1117"},"modified":"2025-08-16T02:55:57","modified_gmt":"2025-08-16T02:55:57","slug":"phan-tich-bao-cao-tai-chinh","status":"publish","type":"product","link":"https:\/\/tranthihoa.com\/index.php\/product\/phan-tich-bao-cao-tai-chinh\/","title":{"rendered":"PH\u00c2N T\u00cdCH B\u00c1O C\u00c1O T\u00c0I CH\u00cdNH"},"content":{"rendered":"<h6><span style=\"color: #ff9900;\">M\u1ee4C TI\u00caU KH\u00d3A H\u1eccC:<\/span><\/h6>\n<ul>\n<li>\u0110\u1ecdc hi\u1ec3u c\u00e1c con s\u1ed1 d\u1ef1a tr\u00ean BCTC DN t\u1eeb \u0111\u00f3 \u0111\u01b0a ra c\u00e1c quy\u1ebft \u0111\u1ecbnh mang t\u00ednh chi\u1ebfn l\u01b0\u1ee3c v\u00e0 c\u00e1c gi\u1ea3i ph\u00e1p cho c\u00e1c v\u1ea5n \u0111\u1ec1 li\u00ean quan.<\/li>\n<li>X\u00e1c \u0111\u1ecbnh r\u00f5 c\u00e1c m\u1ee5c ti\u00eau c\u1ee5 th\u1ec3 \u0111\u1ec3 l\u00e0m c\u0103n c\u1ee9 \u0111\u00e1nh gi\u00e1 vi\u1ec7c th\u1ef1c hi\u1ec7n sau n\u00e0y.<\/li>\n<li>\u0110\u1ecdc v\u1ecb nhanh c\u00e1c ch\u1ec9 s\u1ed1 t\u00e0i ch\u00ednh \u0111\u1ec3 ra quy\u1ebft \u0111\u1ecbnh chi\u1ebfn l\u01b0\u1ee3c.<\/li>\n<li>Nh\u1eadn di\u1ec7n s\u1ee9c kh\u1ecfe t\u00e0i ch\u00ednh doanh nghi\u1ec7p qua b\u00e1o c\u00e1o.<\/li>\n<li>\u0110\u01b0a ra gi\u1ea3i ph\u00e1p c\u1ea3i thi\u1ec7n hi\u1ec7u qu\u1ea3 ho\u1ea1t \u0111\u1ed9ng t\u1eeb s\u1ed1 li\u1ec7u.<\/li>\n<\/ul>\n<h6><span style=\"color: #ff9900;\">T\u00cdNH N\u0102NG N\u1ed4I B\u1eacT C\u1ee6A KH\u00d3A H\u1eccC:<\/span><\/h6>\n<ul>\n<li>H\u1ecdc vi\u00ean \u0111\u01b0\u1ee3c th\u1ef1c h\u00e0nh tr\u1ef1c ti\u1ebfp v\u1edbi gi\u1ea3ng vi\u00ean c\u00f3 kinh nghi\u1ec7m th\u1ef1c ti\u1ec5n.<\/li>\n<li>N\u1ed9i dung \u0111\u00e0o t\u1ea1o b\u00e1m s\u00e1t nhu c\u1ea7u th\u1ef1c t\u1ebf c\u1ee7a DN<\/li>\n<li>Ph\u01b0\u01a1ng ph\u00e1p \u0111\u00e0o t\u1ea1o hi\u1ec7n \u0111\u1ea1i: th\u1ef1c h\u00e0nh, th\u1ecb ph\u1ea1m, ph\u1ea3n h\u1ed3i t\u1ee9c th\u00ec.<\/li>\n<\/ul>\n<h6><span style=\"color: #ff9900;\">\u0110\u1ed0I T\u01af\u1ee2NG THAM D\u1ef0:<\/span><\/h6>\n<ul>\n<li>Nh\u00e0 l\u00e3nh \u0111\u1ea1o<\/li>\n<li>C\u00e1n b\u1ed9 qu\u1ea3n l\u00fd c\u1ea5p cao<\/li>\n<li>C\u00e1 nh\u00e2n mu\u1ed1n n\u00e2ng cao n\u0103ng l\u1ef1c \u0111\u1ec3 ph\u00e1t tri\u1ec3n s\u1ef1 nghi\u1ec7p trong l\u0129nh v\u1ef1c Qu\u1ea3n tr\u1ecb t\u00e0i ch\u00ednh.<\/li>\n<\/ul>\n<h6><span style=\"color: #ff9900;\">N\u1ed8I DUNG CHI TI\u1ebeT KH\u00d3A H\u1eccC:<\/span><\/h6>\n<table>\n<tbody>\n<tr>\n<td style=\"text-align: center;\" width=\"66\"><strong>STT <\/strong><\/td>\n<td style=\"text-align: center;\" width=\"548\"><strong>N\u1ed9i dung <\/strong><\/td>\n<\/tr>\n<tr>\n<td style=\"text-align: left;\" width=\"66\"><strong>1 <\/strong><\/td>\n<td style=\"text-align: left;\" width=\"548\"><strong>B\u00e1o c\u00e1o t\u00e0i ch\u00ednh v\u00e0 c\u00e1c th\u00e0nh ph\u1ea7n<\/strong><\/td>\n<\/tr>\n<tr>\n<td width=\"66\">1.1<\/td>\n<td width=\"548\">\u0110\u1ed1i t\u01b0\u1ee3ng, th\u00e0nh ph\u1ea7n v\u00e0 m\u1ee5c \u0111\u00edch s\u1eed d\u1ee5ng B\u00e1o c\u00e1o t\u00e0i ch\u00ednh<\/td>\n<\/tr>\n<tr>\n<td width=\"66\">1.2<\/td>\n<td width=\"548\">C\u00e1c th\u00e0nh ph\u1ea7n v\u00e0 m\u1ee5c \u0111\u00edch s\u1eed d\u1ee5ng B\u00e1o c\u00e1o t\u00e0i ch\u00ednh<\/td>\n<\/tr>\n<tr>\n<td width=\"66\">1.3<\/td>\n<td width=\"548\">\u00dd ngh\u0129a, th\u00e0nh ph\u1ea7n v\u00e0 m\u1ed1i quan h\u1ec7 gi\u1eefa c\u00e1c B\u00e1o c\u00e1o t\u00e0i ch\u00ednh<\/td>\n<\/tr>\n<tr>\n<td width=\"66\">1.3.1<\/td>\n<td width=\"548\">B\u00e1o c\u00e1o k\u1ebft qu\u1ea3 ho\u1ea1t \u0111\u1ed9ng kinh doanh (BC KQH\u0110KD)<\/td>\n<\/tr>\n<tr>\n<td width=\"66\">1.3.2<\/td>\n<td width=\"548\">B\u1ea3ng c\u00e2n \u0111\u1ed1i k\u1ebf to\u00e1n (BC\u0110KT)<\/td>\n<\/tr>\n<tr>\n<td width=\"66\">1.3.3<\/td>\n<td width=\"548\">B\u00e1o c\u00e1o l\u01b0u chuy\u1ec3n ti\u1ec1n t\u1ec7 v\u00e0 Thuy\u1ebft minh b\u00e1o c\u00e1o t\u00e0i ch\u00ednh<\/td>\n<\/tr>\n<tr>\n<td width=\"66\">1.3.4<\/td>\n<td width=\"548\">M\u1ed1i quan h\u1ec7 gi\u1eefa c\u00e1c b\u00e1o c\u00e1o<\/td>\n<\/tr>\n<tr>\n<td width=\"66\"><strong>2 <\/strong><\/td>\n<td width=\"548\"><strong>Ph\u00e2n t\u00edch B\u00e1o c\u00e1o t\u00e0i ch\u00ednh<\/strong><\/td>\n<\/tr>\n<tr>\n<td width=\"66\">2.1<\/td>\n<td width=\"548\">Theo d\u00f5i s\u1ed5 c\u00e1i v\u00e0 s\u1ed5 nh\u1eadt k\u00fd chung<\/td>\n<\/tr>\n<tr>\n<td width=\"66\">2.2<\/td>\n<td width=\"548\"><strong>Ph\u00e2n t\u00edch, \u0111\u00e1nh gi\u00e1 c\u00e1c ch\u1ec9 s\u1ed1 t\u00e0i ch\u00ednh<\/strong><\/td>\n<\/tr>\n<tr>\n<td width=\"66\">2.3<\/td>\n<td width=\"548\">Ch\u1ec9 s\u1ed1 thanh kho\u1ea3n<\/td>\n<\/tr>\n<tr>\n<td width=\"66\">2.4<\/td>\n<td width=\"548\">Ch\u1ec9 s\u1ed1 \u0111\u00f2n b\u1ea9y<\/td>\n<\/tr>\n<tr>\n<td width=\"66\">2.5<\/td>\n<td width=\"548\">Ch\u1ec9 s\u1ed1 ho\u1ea1t \u0111\u1ed9ng<\/td>\n<\/tr>\n<tr>\n<td width=\"66\">2.6<\/td>\n<td width=\"548\">Ch\u1ec9 s\u1ed1 kh\u1ea3 n\u0103ng sinh l\u1eddi<\/td>\n<\/tr>\n<tr>\n<td width=\"66\">2.7<\/td>\n<td width=\"548\">Ch\u1ec9 s\u1ed1 \u0111o l\u01b0\u1eddng th\u1ecb tr\u01b0\u1eddng<\/td>\n<\/tr>\n<tr>\n<td width=\"66\"><strong>3<\/strong><\/td>\n<td width=\"548\"><strong>C\u00e1c \u0111i\u1ec3m l\u01b0u \u00fd khi \u0111\u1ecdc hi\u1ec3u B\u00e1o c\u00e1o t\u00e0i ch\u00ednh<\/strong><\/td>\n<\/tr>\n<tr>\n<td width=\"66\"><strong>4<\/strong><\/td>\n<td width=\"548\"><strong>Ch\u1ebf bi\u1ebfn s\u1ed5 s\u00e1ch<\/strong><\/td>\n<\/tr>\n<tr>\n<td style=\"text-align: left;\" width=\"66\"><strong>5<\/strong><\/td>\n<td style=\"text-align: left;\" width=\"548\"><strong>Case study<\/strong><\/td>\n<\/tr>\n<\/tbody>\n<\/table>\n<h6><span style=\"color: #ff9900;\"><strong>CAM K\u1ebeT \u0110\u1ea6U RA:<\/strong><\/span><\/h6>\n<ul>\n<li>\u0110\u1ecdc hi\u1ec3u b\u00e1o c\u00e1o t\u00e0i ch\u00ednh<\/li>\n<li>\u0110\u01b0a ra quy\u1ebft \u0111\u1ecbnh chi\u1ebfn l\u01b0\u1ee3c qua con s\u1ed1 th\u1ec3 hi\u1ec7n tr\u00ean BCTC<\/li>\n<li>Ch\u1ee7 \u0111\u1ed9ng d\u1ef1 b\u00e1o v\u00e0 qu\u1ea3n l\u00fd r\u1ee7i ro t\u00e0i ch\u00ednh<\/li>\n<li>T\u1ed1i \u01b0u h\u00f3a ph\u00e2n b\u1ed5 ngu\u1ed3n l\u1ef1c \u0111\u1ec3 gia t\u0103ng hi\u1ec7u su\u1ea5t t\u1ed5 ch\u1ee9c<\/li>\n<\/ul>\n","protected":false},"excerpt":{"rendered":"<p data-start=\"186\" data-end=\"276\"><strong data-start=\"186\" data-end=\"276\">Bi\u1ebfn s\u1ed1 li\u1ec7u th\u00e0nh chi\u1ebfn l\u01b0\u1ee3c \u2013 L\u00e0m ch\u1ee7 b\u00e1o c\u00e1o \u2013 \u0110\u01b0a ra quy\u1ebft \u0111\u1ecbnh t\u00e0i ch\u00ednh hi\u1ec7u qu\u1ea3.<\/strong><\/p>\n<p data-start=\"278\" data-end=\"592\">Kh\u00f3a h\u1ecdc gi\u00fap h\u1ecdc vi\u00ean \u0111\u1ecdc hi\u1ec3u, ph\u00e2n t\u00edch v\u00e0 \u0111\u00e1nh gi\u00e1 to\u00e0n di\u1ec7n B\u00e1o c\u00e1o t\u00e0i ch\u00ednh doanh nghi\u1ec7p. T\u1eeb \u0111\u00f3, \u0111\u01b0a ra c\u00e1c quy\u1ebft \u0111\u1ecbnh qu\u1ea3n tr\u1ecb mang t\u00ednh chi\u1ebfn l\u01b0\u1ee3c, nh\u1eadn di\u1ec7n s\u1ee9c kh\u1ecfe t\u00e0i ch\u00ednh v\u00e0 \u0111\u1ec1 xu\u1ea5t c\u00e1c gi\u1ea3i ph\u00e1p t\u1ed1i \u01b0u v\u1eadn h\u00e0nh. Ph\u00f9 h\u1ee3p cho l\u00e3nh \u0111\u1ea1o, qu\u1ea3n l\u00fd v\u00e0 nh\u1eefng ai mu\u1ed1n n\u00e2ng cao n\u0103ng l\u1ef1c t\u00e0i ch\u00ednh chuy\u00ean s\u00e2u.<\/p>\n","protected":false},"featured_media":264,"comment_status":"open","ping_status":"closed","template":"","meta":{"site-sidebar-layout":"default","site-content-layout":"","ast-site-content-layout":"default","site-content-style":"default","site-sidebar-style":"default","ast-global-header-display":"","ast-banner-title-visibility":"","ast-main-header-display":"","ast-hfb-above-header-display":"","ast-hfb-below-header-display":"","ast-hfb-mobile-header-display":"","site-post-title":"","ast-breadcrumbs-content":"","ast-featured-img":"","footer-sml-layout":"","ast-disable-related-posts":"","theme-transparent-header-meta":"default","adv-header-id-meta":"","stick-header-meta":"","header-above-stick-meta":"","header-main-stick-meta":"","header-below-stick-meta":"","astra-migrate-meta-layouts":"set","ast-page-background-enabled":"default","ast-page-background-meta":{"desktop":{"background-color":"var(--ast-global-color-4)","background-image":"","background-repeat":"repeat","background-position":"center center","background-size":"auto","background-attachment":"scroll","background-type":"","background-media":"","overlay-type":"","overlay-color":"","overlay-opacity":"","overlay-gradient":""},"tablet":{"background-color":"","background-image":"","background-repeat":"repeat","background-position":"center center","background-size":"auto","background-attachment":"scroll","background-type":"","background-media":"","overlay-type":"","overlay-color":"","overlay-opacity":"","overlay-gradient":""},"mobile":{"background-color":"","background-image":"","background-repeat":"repeat","background-position":"center center","background-size":"auto","background-attachment":"scroll","background-type":"","background-media":"","overlay-type":"","overlay-color":"","overlay-opacity":"","overlay-gradient":""}},"ast-content-background-meta":{"desktop":{"background-color":"var(--ast-global-color-5)","background-image":"","background-repeat":"repeat","background-position":"center center","background-size":"auto","background-attachment":"scroll","background-type":"","background-media":"","overlay-type":"","overlay-color":"","overlay-opacity":"","overlay-gradient":""},"tablet":{"background-color":"var(--ast-global-color-5)","background-image":"","background-repeat":"repeat","background-position":"center center","background-size":"auto","background-attachment":"scroll","background-type":"","background-media":"","overlay-type":"","overlay-color":"","overlay-opacity":"","overlay-gradient":""},"mobile":{"background-color":"var(--ast-global-color-5)","background-image":"","background-repeat":"repeat","background-position":"center center","background-size":"auto","background-attachment":"scroll","background-type":"","background-media":"","overlay-type":"","overlay-color":"","overlay-opacity":"","overlay-gradient":""}}},"product_brand":[],"product_cat":[125],"product_tag":[],"class_list":{"0":"post-1117","1":"product","2":"type-product","3":"status-publish","4":"has-post-thumbnail","6":"product_cat-khoa-hoc-nang-cao","7":"desktop-align-left","8":"tablet-align-left","9":"mobile-align-left","11":"first","12":"instock","13":"downloadable","14":"virtual","15":"taxable","16":"purchasable","17":"product-type-simple"},"_links":{"self":[{"href":"https:\/\/tranthihoa.com\/index.php\/wp-json\/wp\/v2\/product\/1117","targetHints":{"allow":["GET"]}}],"collection":[{"href":"https:\/\/tranthihoa.com\/index.php\/wp-json\/wp\/v2\/product"}],"about":[{"href":"https:\/\/tranthihoa.com\/index.php\/wp-json\/wp\/v2\/types\/product"}],"replies":[{"embeddable":true,"href":"https:\/\/tranthihoa.com\/index.php\/wp-json\/wp\/v2\/comments?post=1117"}],"wp:featuredmedia":[{"embeddable":true,"href":"https:\/\/tranthihoa.com\/index.php\/wp-json\/wp\/v2\/media\/264"}],"wp:attachment":[{"href":"https:\/\/tranthihoa.com\/index.php\/wp-json\/wp\/v2\/media?parent=1117"}],"wp:term":[{"taxonomy":"product_brand","embeddable":true,"href":"https:\/\/tranthihoa.com\/index.php\/wp-json\/wp\/v2\/product_brand?post=1117"},{"taxonomy":"product_cat","embeddable":true,"href":"https:\/\/tranthihoa.com\/index.php\/wp-json\/wp\/v2\/product_cat?post=1117"},{"taxonomy":"product_tag","embeddable":true,"href":"https:\/\/tranthihoa.com\/index.php\/wp-json\/wp\/v2\/product_tag?post=1117"}],"curies":[{"name":"wp","href":"https:\/\/api.w.org\/{rel}","templated":true}]}}