{"id":1104,"date":"2025-07-06T04:40:53","date_gmt":"2025-07-06T04:40:53","guid":{"rendered":"http:\/\/localhost\/cmatest\/?post_type=product&#038;p=1104"},"modified":"2025-07-15T06:37:48","modified_gmt":"2025-07-15T06:37:48","slug":"ke-toan-tong-hop-doanh-nghiep-chuyen-sau","status":"publish","type":"product","link":"https:\/\/tranthihoa.com\/index.php\/product\/ke-toan-tong-hop-doanh-nghiep-chuyen-sau\/","title":{"rendered":"K\u1ebe TO\u00c1N T\u1ed4NG H\u1ee2P DOANH NGHI\u1ec6P S\u1ea2N XU\u1ea4T CHUY\u00caN S\u00c2U"},"content":{"rendered":"<h6><span style=\"color: #ff6600;\"><strong>M\u00f4 t\u1ea3 kh\u00f3a h\u1ecdc<\/strong><\/span><\/h6>\n<p>Kh\u00f3a h\u1ecdc cung c\u1ea5p ki\u1ebfn th\u1ee9c t\u1eeb t\u1ed5ng quan \u0111\u1ebfn chuy\u00ean s\u00e2u, gi\u00fap h\u1ecdc vi\u00ean l\u00e0m ch\u1ee7 h\u1ec7 th\u1ed1ng k\u1ebf to\u00e1n doanh nghi\u1ec7p s\u1ea3n xu\u1ea5t. N\u1ed9i dung gi\u1ea3ng d\u1ea1y k\u1ebft h\u1ee3p gi\u1eefa l\u00fd thuy\u1ebft th\u1ef1c ti\u1ec5n v\u00e0 th\u1ef1c h\u00e0nh th\u1ef1c t\u1ebf tr\u00ean ph\u1ea7n m\u1ec1m k\u1ebf to\u00e1n FAST.<\/p>\n<p>H\u1ecdc vi\u00ean s\u1ebd \u0111\u01b0\u1ee3c trang b\u1ecb c\u00e1c k\u1ef9 n\u0103ng t\u1eeb l\u1eadp b\u00e1o c\u00e1o t\u00e0i ch\u00ednh, \u0111\u1ecdc hi\u1ec3u v\u00e0 ph\u00e2n t\u00edch s\u1ed1 li\u1ec7u \u0111\u1ebfn qu\u1ea3n l\u00fd thu\u1ebf v\u00e0 quy\u1ebft to\u00e1n thu\u1ebf, gi\u00fap t\u1ed1i \u01b0u h\u00f3a hi\u1ec7u qu\u1ea3 ho\u1ea1t \u0111\u1ed9ng kinh doanh.<\/p>\n<h6><span style=\"color: #ff6600;\"><strong>\u0110i\u1ec3m n\u1ed5i b\u1eadt c\u1ee7a kh\u00f3a h\u1ecdc<\/strong><\/span><\/h6>\n<ul>\n<li><strong>H\u1ecdc c\u00f9ng gi\u1ea3ng vi\u00ean gi\u00e0u kinh nghi\u1ec7m th\u1ef1c ti\u1ec5n:<\/strong> Tr\u00ean 18 n\u0103m trong qu\u1ea3n l\u00fd t\u00e0i ch\u00ednh k\u1ebf to\u00e1n v\u00e0 5 n\u0103m \u0111\u00e0o t\u1ea1o chuy\u00ean s\u00e2u.<\/li>\n<li><strong>N\u1ed9i dung b\u00e1m s\u00e1t th\u1ef1c t\u1ebf:<\/strong> C\u00e1c b\u00e0i h\u1ecdc \u0111\u01b0\u1ee3c x\u00e2y d\u1ef1ng theo quy tr\u00ecnh ho\u1ea1t \u0111\u1ed9ng c\u1ee7a doanh nghi\u1ec7p s\u1ea3n xu\u1ea5t.<\/li>\n<li><strong>Ph\u01b0\u01a1ng ph\u00e1p \u0111\u00e0o t\u1ea1o hi\u1ec7n \u0111\u1ea1i:<\/strong> T\u01b0\u01a1ng t\u00e1c tr\u1ef1c ti\u1ebfp, th\u1ef1c h\u00e0nh ngay t\u1ea1i l\u1edbp, nh\u1eadn ph\u1ea3n h\u1ed3i t\u1ee9c th\u00ec.<\/li>\n<li><strong>Cam k\u1ebft \u0111\u1ea7u ra:<\/strong> \u0110\u1ed3ng h\u00e0nh 6 th\u00e1ng \u0111\u1ec3 \u0111\u1ea3m b\u1ea3o b\u1ea1n \u00e1p d\u1ee5ng ki\u1ebfn th\u1ee9c v\u00e0o th\u1ef1c ti\u1ec5n.<\/li>\n<\/ul>\n<h6><span style=\"color: #ff6600;\"><strong>Ai n\u00ean tham gia?<\/strong><\/span><\/h6>\n<ul>\n<li>Nh\u00e2n vi\u00ean k\u1ebf to\u00e1n mu\u1ed1n n\u00e2ng cao n\u0103ng l\u1ef1c v\u00e0 ph\u00e1t tri\u1ec3n s\u1ef1 nghi\u1ec7p.<\/li>\n<li>C\u00e1n b\u1ed9 qu\u1ea3n l\u00fd c\u1ea5p cao trong doanh nghi\u1ec7p s\u1ea3n xu\u1ea5t.<\/li>\n<li>C\u00e1 nh\u00e2n mong mu\u1ed1n l\u00e0m ch\u1ee7 h\u1ec7 th\u1ed1ng k\u1ebf to\u00e1n qu\u1ea3n tr\u1ecb doanh nghi\u1ec7p.<\/li>\n<\/ul>\n<h6><span style=\"color: #ff6600;\"><strong>N\u1ed9i dung ch\u00ednh c\u1ee7a kh\u00f3a h\u1ecdc<\/strong><\/span><\/h6>\n<p><strong>A. T\u1ed5ng quan ho\u1ea1t \u0111\u1ed9ng kinh doanh doanh nghi\u1ec7p s\u1ea3n xu\u1ea5t<\/strong><\/p>\n<p><strong>B. H\u1ea1ch to\u00e1n nghi\u1ec7p v\u1ee5 k\u1ebf to\u00e1n<\/strong><\/p>\n<p><strong>\u21d2 C\u00e1c chu tr\u00ecnh ho\u1ea1t \u0111\u1ed9ng c\u1ee7a doanh nghi\u1ec7p s\u1ea3n xu\u1ea5t<\/strong><\/p>\n<ol>\n<li style=\"list-style-type: none;\">\n<ol>\n<li>H\u1ea1ch to\u00e1n g\u00f3p v\u1ed1n<\/li>\n<li>H\u1ea1ch to\u00e1n mua s\u1eafm m\u00e1y m\u00f3c, TSC\u0110<\/li>\n<li>H\u1ea1ch to\u00e1n c\u00f4ng c\u1ee5 d\u1ee5ng c\u1ee5<\/li>\n<li>H\u1ea1ch to\u00e1n mua nguy\u00ean v\u1eadt li\u1ec7u<\/li>\n<li>H\u1ea1ch to\u00e1n nh\u1eadp-xu\u1ea5t-t\u1ed3n kho<\/li>\n<li>H\u1ea1ch to\u00e1n chi ph\u00ed s\u1ea3n xu\u1ea5t<\/li>\n<li>H\u1ea1ch to\u00e1n b\u00e1n th\u00e0nh ph\u1ea9m<\/li>\n<li>H\u1ea1ch to\u00e1n l\u01b0\u01a1ng<\/li>\n<\/ol>\n<\/li>\n<\/ol>\n<p><strong> \u21d2 Th\u1ef1c h\u00e0nh tr\u00ean ph\u1ea7n m\u1ec1m k\u1ebf to\u00e1n fast v\u00e0 l\u1eadp b\u00e1o c\u00e1o t\u00e0i ch\u00ednh<\/strong><\/p>\n<ol>\n<li style=\"list-style-type: none;\">\n<ol>\n<li>Khai b\u00e1o th\u00f4ng tin ban \u0111\u1ea7u<\/li>\n<li>T\u1ea1o danh m\u1ee5c<\/li>\n<li>Nh\u1eadp li\u1ec7u c\u00e1c b\u00fat to\u00e1n<\/li>\n<li>T\u00ednh gi\u00e1 t\u1ed3n kho<\/li>\n<li>T\u00ednh kh\u1ea5u hao v\u00e0 ph\u00e2n b\u1ed5 kh\u1ea5u hao TSC\u0110 v\u00e0 CCDC<\/li>\n<li>K\u1ebft chuy\u1ec3n cu\u1ed1i k\u1ef3<\/li>\n<li>\u0110\u1ecdc hi\u1ec3u b\u00e1o c\u00e1o t\u00e0i ch\u00ednh<\/li>\n<\/ol>\n<\/li>\n<\/ol>\n<p><strong>\u21d2 L\u00e0m t\u1edd khai thu\u1ebf (GTGT, TNCN, TNDN, m\u00f4n b\u00e0i)<\/strong><\/p>\n<ul>\n<li style=\"list-style-type: none;\">\n<ul>\n<li>T\u1edd khai thu\u1ebf GTGT<\/li>\n<li>T\u1edd khai thu\u1ebf TNDN<\/li>\n<li>T\u1edd khai thu\u1ebf TNCN<\/li>\n<li>T\u1edd khai thu\u1ebf m\u00f4n b\u00e0i<\/li>\n<li>H\u01b0\u1edbng d\u1eabn n\u1ed9p t\u1edd khai v\u00e0 n\u1ed9p thu\u1ebf<\/li>\n<\/ul>\n<\/li>\n<\/ul>\n<p><strong>C. Thu\u1ebf v\u00e0 quy\u1ebft to\u00e1n thu\u1ebf<\/strong><\/p>\n<ul>\n<li><strong> T\u1ed5ng quan v\u1ec1 thu\u1ebf<\/strong><\/li>\n<li style=\"list-style-type: none;\">\n<ol>\n<li>C\u00e1c lo\u1ea1i thu\u1ebf t\u1ea1i VN<\/li>\n<li>Thanh ki\u1ec3m tra thu\u1ebf<\/li>\n<\/ol>\n<\/li>\n<li><strong> Quy\u1ebft to\u00e1n thu\u1ebf<\/strong><\/li>\n<\/ul>\n<ol>\n<li style=\"list-style-type: none;\">\n<ol>\n<li>Quy tr\u00ecnh quy\u1ebft to\u00e1n thu\u1ebf<\/li>\n<li>C\u00e1c s\u1ed5 s\u00e1ch, ch\u1ee9ng t\u1eeb c\u1ea7n chu\u1ea9n b\u1ecb<\/li>\n<li>H\u01b0\u1edbng d\u1eabn ki\u1ec3m tra s\u1ed5 s\u00e1ch<\/li>\n<\/ol>\n<\/li>\n<\/ol>\n<ul>\n<li><strong> M\u1ed9t s\u1ed1 quy \u0111\u1ecbnh thu\u1ebf c\u1ea7n n\u1eafm \u0111\u1ed1i v\u1edbi c\u00f4ng ty s\u1ea3n xu\u1ea5t<\/strong><\/li>\n<\/ul>\n<p><strong>D. D\u1ef1 to\u00e1n ng\u00e2n s\u00e1ch v\u00e0 x\u00e2y d\u1ef1ng h\u1ec7 th\u1ed1ng k\u1ebf to\u00e1n qu\u1ea3n tr\u1ecb<\/strong><\/p>\n<ul>\n<li style=\"list-style-type: none;\">\n<ul>\n<li>Hi\u1ec3u \u0111\u01b0\u1ee3c t\u1ea1i sao ph\u1ea3i l\u1eadp d\u1ef1 to\u00e1n v\u00e0 quy tr\u00ecnh d\u1ef1 to\u00e1n<\/li>\n<li>L\u1eadp d\u1ef1 to\u00e1n b\u00e1n h\u00e0ng v\u00e0 thu ti\u1ec1n<\/li>\n<li>L\u1eadp d\u1ef1 to\u00e1n s\u1ea3n xu\u1ea5t<\/li>\n<li>L\u1eadp d\u1ef1 to\u00e1n v\u1eadt li\u1ec7u tr\u1ef1c ti\u1ebfp bao g\u1ed3m th\u1eddi gian thanh to\u00e1n ti\u1ec1n cho NCC \u0111\u1ec3 mua nguy\u00ean v\u1eadt li\u1ec7u<\/li>\n<li>L\u1eadp d\u1ef1 to\u00e1n lao \u0111\u1ed9ng tr\u1ef1c ti\u1ebfp<\/li>\n<li>L\u1eadp d\u1ef1 to\u00e1n chi ph\u00ed s\u1ea3n xu\u1ea5t chung<\/li>\n<li>L\u1eadp d\u1ef1 to\u00e1n chi ph\u00ed b\u00e1n h\u00e0ng v\u00e0 qu\u1ea3n l\u00fd doanh nghi\u1ec7p<\/li>\n<li>L\u1eadp d\u1ef1 to\u00e1n ti\u1ec1n<\/li>\n<li>L\u1eadp b\u00e1o c\u00e1o thu nh\u1eadp d\u1ef1 to\u00e1n<\/li>\n<li>L\u1eadp b\u1ea3ng c\u00e2n \u0111\u1ed1i k\u1ebf to\u00e1n d\u1ef1 to\u00e1n<\/li>\n<\/ul>\n<\/li>\n<\/ul>\n<p><span style=\"color: #ff6600;\"><strong>Ph\u01b0\u01a1ng ph\u00e1p gi\u1ea3ng d\u1ea1y<\/strong><\/span><\/p>\n<p><strong>Ph\u1ea7n l\u00ed thuy\u1ebft<\/strong><\/p>\n<ul>\n<li>Gi\u1ea3ng vi\u00ean thuy\u1ebft tr\u00ecnh k\u1ebft h\u1ee3p v\u1edbi tr\u00ecnh chi\u1ebfu, th\u1ea3o lu\u1eadn.<\/li>\n<li>C\u00f3 th\u1ec3 cho h\u1ecdc vi\u00ean xem v\u00e0 b\u00ecnh lu\u1eadn m\u1ed9t s\u1ed1 t\u00ecnh hu\u1ed1ng th\u01b0\u1eddng g\u1eb7p c\u1ee7a c\u00e1c BCTC c\u1ee7a m\u1ed9t s\u1ed1 DN.<\/li>\n<li>H\u1ecdc vi\u00ean c\u00f3 th\u1ec3 n\u00eau c\u00e1c t\u00ecnh hu\u1ed1ng, c\u00f9ng th\u1ea3o lu\u1eadn d\u01b0\u1edbi s\u1ef1 h\u01b0\u1edbng d\u1eabn c\u1ee7a gi\u1ea3ng vi\u00ean.<\/li>\n<\/ul>\n<p><strong>Ph\u1ea7n th\u1ef1c h\u00e0nh<\/strong><\/p>\n<ul>\n<li>Gi\u1ea3ng vi\u00ean se\u0303 h\u01b0\u1edbng d\u1eabn t\u1ea1i l\u1edbp h\u1ecdc<\/li>\n<li>\u0110\u1ed3 d\u00f9ng v\u00e0 d\u1ee5ng c\u1ee5 th\u1ef1c h\u00e0nh do h\u1ecdc vi\u00ean chu\u1ea9n b\u1ecb theo \u0111\u1ec1 xu\u1ea5t c\u1ee7a gi\u1ea3ng vi\u00ean\/ ho\u1eb7c do b\u00ean gi\u1ea3ng vi\u00ean chu\u1ea9n b\u1ecb.<\/li>\n<\/ul>\n<h6><span style=\"color: #ff6600;\"><strong>Cam k\u1ebft \u0111\u1ea7u ra<\/strong><\/span><\/h6>\n<ul>\n<li>Hi\u1ec3u \u0111\u01b0\u1ee3c h\u1ec7 th\u1ed1ng k\u1ebf to\u00e1n Doanh Nghi\u1ec7p.<\/li>\n<li>H\u1ed7 tr\u1ee3 c\u00f4ng t\u00e1c qu\u1ea3n l\u00fd k\u1ebf to\u00e1n t\u00e0i ch\u00ednh \u0111\u1ea1t hi\u1ec7u qu\u1ea3.<\/li>\n<li>Gi\u1ea3m thi\u1ec3u t\u1ed1i \u0111a r\u1ee7i ro v\u1ec1 h\u1ed3 s\u01a1 trong c\u00f4ng t\u00e1c qu\u1ea3n l\u00fd h\u1ec7 th\u1ed1ng k\u1ebf to\u00e1n t\u00e0i ch\u00ednh Doanh Nghi\u1ec7p.<\/li>\n<li>H\u1ed7 tr\u1ee3 Doanh Nghi\u1ec7p x\u00e2y d\u1ef1ng \u0111\u01b0\u1ee3c h\u1ec7 th\u1ed1ng b\u00e1o c\u00e1o qu\u1ea3n tr\u1ecb nh\u1eb1m t\u1ed1i \u01b0u h\u00f3a vai tr\u00f2 c\u1ee7a k\u1ebf to\u00e1n qu\u1ea3n tr\u1ecb trong Doanh Nghi\u1ec7p.<\/li>\n<li>\u0110\u1ed3ng h\u00e0nh 6 th\u00e1ng \u0111\u1ec3 gi\u00fap Doanh Nghi\u1ec7p th\u1ef1c h\u00e0nh ra k\u1ebft qu\u1ea3.<\/li>\n<\/ul>\n","protected":false},"excerpt":{"rendered":"<p>Kh\u00f3a h\u1ecdc cung c\u1ea5p ki\u1ebfn th\u1ee9c t\u1eeb t\u1ed5ng quan \u0111\u1ebfn chuy\u00ean s\u00e2u, gi\u00fap h\u1ecdc vi\u00ean l\u00e0m ch\u1ee7 h\u1ec7 th\u1ed1ng k\u1ebf to\u00e1n doanh nghi\u1ec7p s\u1ea3n xu\u1ea5t. N\u1ed9i dung gi\u1ea3ng d\u1ea1y k\u1ebft h\u1ee3p gi\u1eefa l\u00fd thuy\u1ebft th\u1ef1c ti\u1ec5n v\u00e0 th\u1ef1c h\u00e0nh th\u1ef1c t\u1ebf tr\u00ean ph\u1ea7n m\u1ec1m k\u1ebf to\u00e1n FAST.<\/p>\n<p>H\u1ecdc vi\u00ean s\u1ebd \u0111\u01b0\u1ee3c trang b\u1ecb c\u00e1c k\u1ef9 n\u0103ng t\u1eeb l\u1eadp b\u00e1o c\u00e1o t\u00e0i ch\u00ednh, \u0111\u1ecdc hi\u1ec3u v\u00e0 ph\u00e2n t\u00edch s\u1ed1 li\u1ec7u \u0111\u1ebfn qu\u1ea3n l\u00fd thu\u1ebf v\u00e0 quy\u1ebft to\u00e1n thu\u1ebf, gi\u00fap t\u1ed1i \u01b0u h\u00f3a hi\u1ec7u qu\u1ea3 ho\u1ea1t \u0111\u1ed9ng kinh doanh.<\/p>\n","protected":false},"featured_media":1105,"comment_status":"open","ping_status":"closed","template":"","meta":{"site-sidebar-layout":"default","site-content-layout":"","ast-site-content-layout":"default","site-content-style":"default","site-sidebar-style":"default","ast-global-header-display":"","ast-banner-title-visibility":"","ast-main-header-display":"","ast-hfb-above-header-display":"","ast-hfb-below-header-display":"","ast-hfb-mobile-header-display":"","site-post-title":"","ast-breadcrumbs-content":"","ast-featured-img":"","footer-sml-layout":"","ast-disable-related-posts":"","theme-transparent-header-meta":"default","adv-header-id-meta":"","stick-header-meta":"","header-above-stick-meta":"","header-main-stick-meta":"","header-below-stick-meta":"","astra-migrate-meta-layouts":"set","ast-page-background-enabled":"default","ast-page-background-meta":{"desktop":{"background-color":"var(--ast-global-color-4)","background-image":"","background-repeat":"repeat","background-position":"center center","background-size":"auto","background-attachment":"scroll","background-type":"","background-media":"","overlay-type":"","overlay-color":"","overlay-opacity":"","overlay-gradient":""},"tablet":{"background-color":"","background-image":"","background-repeat":"repeat","background-position":"center center","background-size":"auto","background-attachment":"scroll","background-type":"","background-media":"","overlay-type":"","overlay-color":"","overlay-opacity":"","overlay-gradient":""},"mobile":{"background-color":"","background-image":"","background-repeat":"repeat","background-position":"center center","background-size":"auto","background-attachment":"scroll","background-type":"","background-media":"","overlay-type":"","overlay-color":"","overlay-opacity":"","overlay-gradient":""}},"ast-content-background-meta":{"desktop":{"background-color":"var(--ast-global-color-5)","background-image":"","background-repeat":"repeat","background-position":"center center","background-size":"auto","background-attachment":"scroll","background-type":"","background-media":"","overlay-type":"","overlay-color":"","overlay-opacity":"","overlay-gradient":""},"tablet":{"background-color":"var(--ast-global-color-5)","background-image":"","background-repeat":"repeat","background-position":"center center","background-size":"auto","background-attachment":"scroll","background-type":"","background-media":"","overlay-type":"","overlay-color":"","overlay-opacity":"","overlay-gradient":""},"mobile":{"background-color":"var(--ast-global-color-5)","background-image":"","background-repeat":"repeat","background-position":"center center","background-size":"auto","background-attachment":"scroll","background-type":"","background-media":"","overlay-type":"","overlay-color":"","overlay-opacity":"","overlay-gradient":""}}},"product_brand":[],"product_cat":[125],"product_tag":[],"class_list":{"0":"post-1104","1":"product","2":"type-product","3":"status-publish","4":"has-post-thumbnail","6":"product_cat-khoa-hoc-nang-cao","7":"desktop-align-left","8":"tablet-align-left","9":"mobile-align-left","11":"first","12":"instock","13":"downloadable","14":"virtual","15":"taxable","16":"purchasable","17":"product-type-simple"},"_links":{"self":[{"href":"https:\/\/tranthihoa.com\/index.php\/wp-json\/wp\/v2\/product\/1104","targetHints":{"allow":["GET"]}}],"collection":[{"href":"https:\/\/tranthihoa.com\/index.php\/wp-json\/wp\/v2\/product"}],"about":[{"href":"https:\/\/tranthihoa.com\/index.php\/wp-json\/wp\/v2\/types\/product"}],"replies":[{"embeddable":true,"href":"https:\/\/tranthihoa.com\/index.php\/wp-json\/wp\/v2\/comments?post=1104"}],"wp:featuredmedia":[{"embeddable":true,"href":"https:\/\/tranthihoa.com\/index.php\/wp-json\/wp\/v2\/media\/1105"}],"wp:attachment":[{"href":"https:\/\/tranthihoa.com\/index.php\/wp-json\/wp\/v2\/media?parent=1104"}],"wp:term":[{"taxonomy":"product_brand","embeddable":true,"href":"https:\/\/tranthihoa.com\/index.php\/wp-json\/wp\/v2\/product_brand?post=1104"},{"taxonomy":"product_cat","embeddable":true,"href":"https:\/\/tranthihoa.com\/index.php\/wp-json\/wp\/v2\/product_cat?post=1104"},{"taxonomy":"product_tag","embeddable":true,"href":"https:\/\/tranthihoa.com\/index.php\/wp-json\/wp\/v2\/product_tag?post=1104"}],"curies":[{"name":"wp","href":"https:\/\/api.w.org\/{rel}","templated":true}]}}